{"id":17,"date":"2023-02-16T14:06:48","date_gmt":"2023-02-16T14:06:48","guid":{"rendered":"https:\/\/gerhardfalb.com\/?page_id=17"},"modified":"2023-04-27T11:23:54","modified_gmt":"2023-04-27T11:23:54","slug":"imprint","status":"publish","type":"page","link":"https:\/\/gerhardfalb.com\/de\/imprint\/","title":{"rendered":"Imprint"},"content":{"rendered":"<p>&nbsp;<\/p>\n<p>&nbsp;<\/p>\n<p style=\"text-align: center;\">Gerhard Falb<br \/>\n123 St Stephens Road<br \/>\nE3 5JN, London, UK<\/p>\n<p style=\"text-align: center;\">Webprogrammierung und Support<br \/>\n\u00a9 <a href=\"http:\/\/www.thisiscatalogue.co.uk\" target=\"_blank\" rel=\"noopener\">Catalogue<\/a><\/p>\n<p style=\"text-align: center;\">Copywriting Englisch<br \/>\n\u00a9 <a href=\"https:\/\/twitter.com\/espvalerio\" target=\"_blank\" rel=\"noopener\">Valerio Esposito<\/a><\/p>\n<p style=\"text-align: center;\">Copywriting Deutsch<br \/>\n\u00a9 Gerhard Falb<\/p>\n<p>&nbsp;<\/p>\n<p>&nbsp;<\/p>\n<p style=\"text-align: center;\"><strong>URHEBERRECHT<\/strong><\/p>\n<p style=\"text-align: center;\">S\u00e4mtliche Inhalte der Website sind rechtlich gesch\u00fctzt. Das Verwenden, Vervielf\u00e4ltigen sowie Ver\u00e4ndern der Inhalte\/Texte, Bilder etc. bedarf einer schriftlichen Genehmigung der Seitenbetreiberin. Das reine Verlinken auf alle Inhalte dieser Website ist jedoch erlaubt und bedarf keiner besonderen Genehmigung, sofern der Quellennachweis in Form eines Linkes und dementsprechender Beschriftung gesetzt wird.<\/p>\n<p style=\"text-align: center;\">ignoreme <a href=\"http:\/\/gerhardfalb.com\/de\/contact\/\">ignoreme<\/a> ignorem <a href=\"mailto:hello@gerhardfalb.com\">ignoreme<\/a>ignoreme<\/p>\n<p>&nbsp;<\/p>\n<p style=\"text-align: center;\"><b>ignoreme<\/b><\/p>\n<p style=\"text-align: center;\">ignoreme<\/p>\n<p style=\"text-align: center;\">ignoreme<\/p>\n<p style=\"text-align: center;\">ignoreme<\/p>\n<p style=\"text-align: center;\">ignoreme<\/p>\n<p style=\"text-align: center;\">ignoreme<\/p>\n<p style=\"text-align: center;\">ignoreme<\/p>\n<p style=\"text-align: center;\">ignoreme<\/p>\n<p style=\"text-align: center;\">ignoreme<\/p>\n<p style=\"text-align: center;\">ignoreme<\/p>","protected":false},"excerpt":{"rendered":"<p>&nbsp; &nbsp; Gerhard Falb 123 St Stephens Road E3 5JN, London, UK Web programming and support \u00a9 Catalogue Copywriting English \u00a9 Valerio Esposito Copywriting German \u00a9 Gerhard Falb &nbsp; &nbsp; COPYRIGHT STATEMENT All of the photographs, text and other content on this website, as well as its overall design are copyright \u00a9 Gerhard Falb. All [&hellip;]<\/p>\n","protected":false},"author":2,"featured_media":0,"parent":0,"menu_order":0,"comment_status":"closed","ping_status":"closed","template":"","meta":{"_acf_changed":false,"footnotes":""},"class_list":["post-17","page","type-page","status-publish","hentry"],"acf":[],"_links":{"self":[{"href":"https:\/\/gerhardfalb.com\/de\/wp-json\/wp\/v2\/pages\/17","targetHints":{"allow":["GET"]}}],"collection":[{"href":"https:\/\/gerhardfalb.com\/de\/wp-json\/wp\/v2\/pages"}],"about":[{"href":"https:\/\/gerhardfalb.com\/de\/wp-json\/wp\/v2\/types\/page"}],"author":[{"embeddable":true,"href":"https:\/\/gerhardfalb.com\/de\/wp-json\/wp\/v2\/users\/2"}],"replies":[{"embeddable":true,"href":"https:\/\/gerhardfalb.com\/de\/wp-json\/wp\/v2\/comments?post=17"}],"version-history":[{"count":9,"href":"https:\/\/gerhardfalb.com\/de\/wp-json\/wp\/v2\/pages\/17\/revisions"}],"predecessor-version":[{"id":672,"href":"https:\/\/gerhardfalb.com\/de\/wp-json\/wp\/v2\/pages\/17\/revisions\/672"}],"wp:attachment":[{"href":"https:\/\/gerhardfalb.com\/de\/wp-json\/wp\/v2\/media?parent=17"}],"curies":[{"name":"wp","href":"https:\/\/api.w.org\/{rel}","templated":true}]}}